{"id":2,"date":"2026-02-12T18:01:49","date_gmt":"2026-02-12T18:01:49","guid":{"rendered":"https:\/\/www.dklm.nl\/?page_id=2"},"modified":"2026-02-22T14:22:46","modified_gmt":"2026-02-22T14:22:46","slug":"sample-page","status":"publish","type":"page","link":"https:\/\/www.dklm.nl\/","title":{"rendered":"home"},"content":{"rendered":"\n<p>Welkom op de website van DKLM Installaties &amp; IT. H\u00e9t adres voor installatie, inbedrijfstellen en onderhouden van verschillende merken brandmeldinstallaties. <\/p>\n\n\n\n<p>Mijn naam is Jo\u00ebl de Knikker en in 2016 begon mijn carri\u00e8re in de brandbeveiliging. Sindsdien heb ik de nodige certificaten verkregen zoals <\/p>\n\n\n\n<ul class=\"wp-block-list\">\n<li><strong><sub>beheerder brandmeldinstallaties<\/sub><\/strong><\/li>\n\n\n\n<li><strong><sub>installatiedeskundige brandmeldinstallaties<\/sub><\/strong><\/li>\n\n\n\n<li><strong><sub>onderhoudsdeskundige brandmeldinstallaties<\/sub><\/strong><\/li>\n<\/ul>\n\n\n\n<p>Dit zijn essenti\u00eble certificaten om installatie en onderhoud aan brandmeldinstallaties te mogen doen, maar daar stopt het niet. Product trainingen zijn ook nodig om aan de specifieke merken te mogen werken. Voor veel type centrales van de volgende merken ben ik in bezit van de benodigde certificaten:<\/p>\n\n\n\n<figure class=\"wp-block-image size-full\"><img loading=\"lazy\" decoding=\"async\" width=\"600\" height=\"250\" src=\"https:\/\/www.dklm.nl\/wp-content\/uploads\/2026\/02\/Fireclass_DKLM-banner_FIRECLASS.png\" alt=\"\" class=\"wp-image-39\" srcset=\"https:\/\/www.dklm.nl\/wp-content\/uploads\/2026\/02\/Fireclass_DKLM-banner_FIRECLASS.png 600w, https:\/\/www.dklm.nl\/wp-content\/uploads\/2026\/02\/Fireclass_DKLM-banner_FIRECLASS-300x125.png 300w\" sizes=\"auto, (max-width: 600px) 100vw, 600px\" \/><figcaption class=\"wp-element-caption\">Fireclass FC7xx<\/figcaption><\/figure>\n\n\n\n<ul class=\"wp-block-list\">\n<li><strong><sub>Autronica<\/sub> <\/strong><sub><sup>(gesloten systeem &#8211; Ascom)<\/sup><\/sub><\/li>\n\n\n\n<li><strong><sub>Esser<\/sub><\/strong><\/li>\n\n\n\n<li><strong><sub>Fireclass<\/sub><\/strong><\/li>\n\n\n\n<li><strong><sub>Hertek<\/sub><\/strong><\/li>\n\n\n\n<li><strong><sub>MX \/ Profile<\/sub><\/strong> <sub><sup>(gesloten systeem &#8211; Johnson Controls)<\/sup><\/sub><\/li>\n\n\n\n<li><strong><sub>Notifier<\/sub><\/strong><\/li>\n\n\n\n<li><strong><sub>Protec <\/sub><\/strong><sup><sub>(deels gesloten systeem &#8211; Protec Brandbeveiliging, tegenwoordig Bosch)<\/sub><\/sup><\/li>\n\n\n\n<li><sub><strong>Siemens<\/strong><\/sub><\/li>\n<\/ul>\n\n\n\n<p>In de branche heb ik niet alleen als technicus gewerkt. Ook heb ik ervaring op mogen doen als inbedrijfsteller, co\u00f6rdinator en project engineer. Al deze diverse werkzaamheden geven mij een compleet beeld van alle werkzaamheden welke voorafgaan aan een inbedrijfstelling of het onderhoud, en ook de werkzaamheden welke volgen zoals oplossingen bieden \u00e9n maken voor mogelijke afkeurpunten van onderhoud of inspectie.<\/p>\n\n\n\n<figure class=\"wp-block-gallery has-nested-images columns-default is-cropped wp-block-gallery-1 is-layout-flex wp-block-gallery-is-layout-flex\"><\/figure>\n\n\n\n<p>Daarnaast ben ik ook thuis in IT-beheer en advies voor kleine ondernemingen en particulieren met betrekking tot beveiliging zoals CCTV en data oplossingen zoals lokale netwerkopslag.<\/p>\n\n\n\n<p>Meer weten? Vanaf mei 2026 ga ik fulltime verder als zelfstandige, en ben ik dus beschikbaar. Neem contact op via info@dklm.nl voor meer informatie of om kennis te maken. Direct bellen voor een gesprek of afspraak? tel. 06-461 097 37.<\/p>\n","protected":false},"excerpt":{"rendered":"<p>Welkom op de website van DKLM Installaties &amp; IT. H\u00e9t adres voor installatie, inbedrijfstellen en onderhouden van verschillende merken brandmeldinstallaties. Mijn naam is Jo\u00ebl de Knikker en in 2016 begon mijn carri\u00e8re in de brandbeveiliging. Sindsdien heb ik de nodige certificaten verkregen zoals Dit zijn essenti\u00eble certificaten om installatie en onderhoud aan brandmeldinstallaties te mogen [&hellip;]<\/p>\n","protected":false},"author":1,"featured_media":0,"parent":0,"menu_order":0,"comment_status":"closed","ping_status":"open","template":"","meta":{"footnotes":""},"class_list":["post-2","page","type-page","status-publish","hentry"],"_links":{"self":[{"href":"https:\/\/www.dklm.nl\/index.php\/wp-json\/wp\/v2\/pages\/2","targetHints":{"allow":["GET"]}}],"collection":[{"href":"https:\/\/www.dklm.nl\/index.php\/wp-json\/wp\/v2\/pages"}],"about":[{"href":"https:\/\/www.dklm.nl\/index.php\/wp-json\/wp\/v2\/types\/page"}],"author":[{"embeddable":true,"href":"https:\/\/www.dklm.nl\/index.php\/wp-json\/wp\/v2\/users\/1"}],"replies":[{"embeddable":true,"href":"https:\/\/www.dklm.nl\/index.php\/wp-json\/wp\/v2\/comments?post=2"}],"version-history":[{"count":10,"href":"https:\/\/www.dklm.nl\/index.php\/wp-json\/wp\/v2\/pages\/2\/revisions"}],"predecessor-version":[{"id":50,"href":"https:\/\/www.dklm.nl\/index.php\/wp-json\/wp\/v2\/pages\/2\/revisions\/50"}],"wp:attachment":[{"href":"https:\/\/www.dklm.nl\/index.php\/wp-json\/wp\/v2\/media?parent=2"}],"curies":[{"name":"wp","href":"https:\/\/api.w.org\/{rel}","templated":true}]}}